{"id":1322,"date":"2024-06-24T16:35:39","date_gmt":"2024-06-24T20:35:39","guid":{"rendered":"https:\/\/fjjf.ca\/appliquer\/"},"modified":"2025-07-18T15:17:38","modified_gmt":"2025-07-18T19:17:38","slug":"appliquer","status":"publish","type":"page","link":"https:\/\/fjjf.ca\/fr\/appliquer\/","title":{"rendered":"Appliquer"},"content":{"rendered":"\t\t<div data-elementor-type=\"wp-page\" data-elementor-id=\"1322\" class=\"elementor elementor-1322 elementor-9\" data-elementor-post-type=\"page\">\n\t\t\t\t<div class=\"elementor-element elementor-element-96915be e-flex e-con-boxed e-con e-parent\" data-id=\"96915be\" data-element_type=\"container\" data-settings=\"{&quot;background_background&quot;:&quot;classic&quot;}\">\n\t\t\t\t\t<div class=\"e-con-inner\">\n\t\t<div class=\"elementor-element elementor-element-0f6c30d e-con-full e-flex e-con e-child\" data-id=\"0f6c30d\" data-element_type=\"container\" data-settings=\"{&quot;background_background&quot;:&quot;classic&quot;}\">\n\t\t\t\t<div class=\"elementor-element elementor-element-eb1a125 elementor-widget__width-initial elementor-widget elementor-widget-heading\" data-id=\"eb1a125\" data-element_type=\"widget\" data-widget_type=\"heading.default\">\n\t\t\t\t<div class=\"elementor-widget-container\">\n\t\t\t\t\t<h1 class=\"elementor-heading-title elementor-size-default\">Postulez aujourd'hui<\/h1>\t\t\t\t<\/div>\n\t\t\t\t<\/div>\n\t\t\t\t<div class=\"elementor-element elementor-element-10b1d06 elementor-widget__width-initial elementor-widget elementor-widget-heading\" data-id=\"10b1d06\" data-element_type=\"widget\" data-widget_type=\"heading.default\">\n\t\t\t\t<div class=\"elementor-widget-container\">\n\t\t\t\t\t<h2 class=\"elementor-heading-title elementor-size-default\">Notre mission est d'encourager l'\u00e9rudition et le civisme chez les jeunes catholiques ukrainiens de Montr\u00e9al. \u00c0 cette fin, nous accordons chaque ann\u00e9e des bourses \u00e0 des \u00e9tudiants m\u00e9ritants.<\/h2>\t\t\t\t<\/div>\n\t\t\t\t<\/div>\n\t\t\t\t<\/div>\n\t\t\t\t\t<\/div>\n\t\t\t\t<\/div>\n\t\t<div class=\"elementor-element elementor-element-4dd4cfd e-flex e-con-boxed e-con e-parent\" data-id=\"4dd4cfd\" data-element_type=\"container\">\n\t\t\t\t\t<div class=\"e-con-inner\">\n\t\t\t\t<div class=\"elementor-element elementor-element-13320ae elementor-widget elementor-widget-html\" data-id=\"13320ae\" data-element_type=\"widget\" data-widget_type=\"html.default\">\n\t\t\t\t<div class=\"elementor-widget-container\">\n\t\t\t\t\t<script>jQuery(document).ready(function($){\n  \/\/ Target only checkboxes inside the field with ID field_1_127\n  $('#field_1_127 input[type=\"checkbox\"]').on('change', function() {\n    if (this.checked) {\n      $('#field_1_127 input[type=\"checkbox\"]').not(this).prop('checked', false);\n    }\n  });\n});\n<\/script>\t\t\t\t<\/div>\n\t\t\t\t<\/div>\n\t\t\t\t<div class=\"elementor-element elementor-element-5046739 elementor-widget elementor-widget-shortcode\" data-id=\"5046739\" data-element_type=\"widget\" id=\"apply-t\" data-widget_type=\"shortcode.default\">\n\t\t\t\t<div class=\"elementor-widget-container\">\n\t\t\t\t\t\t\t<div class=\"elementor-shortcode\"><p><!-- English -->\r\n<div class=\"scholarship-msg scholarship-msg--en\" lang=\"en-US\" role=\"status\" aria-live=\"polite\">\r\n  The scholarship application submissions are closed for 2025 year. We invite you to please apply next year.\r\n<\/div>\r\n\r\n<!-- French -->\r\n<div class=\"scholarship-msg scholarship-msg--fr\" lang=\"fr-FR\" role=\"status\" aria-live=\"polite\">\r\n  Les candidatures aux bourses pour 2025 sont closes. Nous vous invitons \u00e0 postuler l'ann\u00e9e prochaine.\r\n<\/div>\r\n\r\n<!-- Ukrainian -->\r\n<div class=\"scholarship-msg scholarship-msg--uk\" lang=\"uk\" role=\"status\" aria-live=\"polite\">\r\n  \u041f\u043e\u0434\u0430\u043d\u043d\u044f \u0437\u0430\u044f\u0432\u043e\u043a \u043d\u0430 \u0441\u0442\u0438\u043f\u0435\u043d\u0434\u0456\u044e \u043d\u0430 2025 \u0440\u0456\u043a \u0437\u0430\u043a\u0440\u0438\u0442\u043e. \u0417\u0430\u043f\u0440\u043e\u0448\u0443\u0454\u043c\u043e \u0432\u0430\u0441 \u043f\u043e\u0434\u0430\u0442\u0438 \u0437\u0430\u044f\u0432\u043a\u0443 \u043d\u0430\u0441\u0442\u0443\u043f\u043d\u043e\u0433\u043e \u0440\u043e\u043a\u0443.\r\n<\/div><\/p><\/div>\n\t\t\t\t\t\t<\/div>\n\t\t\t\t<\/div>\n\t\t\t\t\t<\/div>\n\t\t\t\t<\/div>\n\t\t\t\t<\/div>\n\t\t","protected":false},"excerpt":{"rendered":"<p>Postulez aujourd&rsquo;hui Notre mission est d&rsquo;encourager l&rsquo;\u00e9rudition et le civisme chez les jeunes catholiques ukrainiens de Montr\u00e9al. \u00c0 cette fin, nous accordons chaque ann\u00e9e des bourses \u00e0 des \u00e9tudiants m\u00e9ritants.<\/p>\n","protected":false},"author":1,"featured_media":0,"parent":0,"menu_order":0,"comment_status":"closed","ping_status":"closed","template":"elementor_header_footer","meta":{"footnotes":""},"class_list":["post-1322","page","type-page","status-publish","hentry"],"yoast_head":"<!-- This site is optimized with the Yoast SEO plugin v26.4 - https:\/\/yoast.com\/wordpress\/plugins\/seo\/ -->\n<title>Appliquer - Father Josaphat Jean Foundation - FJJF<\/title>\n<meta name=\"robots\" content=\"index, follow, max-snippet:-1, max-image-preview:large, max-video-preview:-1\" \/>\n<link rel=\"canonical\" href=\"https:\/\/fjjf.ca\/fr\/appliquer\/\" \/>\n<meta property=\"og:locale\" content=\"fr_FR\" \/>\n<meta property=\"og:type\" content=\"article\" \/>\n<meta property=\"og:title\" content=\"Appliquer - Father Josaphat Jean Foundation - FJJF\" \/>\n<meta property=\"og:description\" content=\"Postulez aujourd&rsquo;hui Notre mission est d&rsquo;encourager l&rsquo;\u00e9rudition et le civisme chez les jeunes catholiques ukrainiens de Montr\u00e9al. \u00c0 cette fin, nous accordons chaque ann\u00e9e des bourses \u00e0 des \u00e9tudiants m\u00e9ritants.\" \/>\n<meta property=\"og:url\" content=\"https:\/\/fjjf.ca\/fr\/appliquer\/\" \/>\n<meta property=\"og:site_name\" content=\"Father Josaphat Jean Foundation - FJJF\" \/>\n<meta property=\"article:modified_time\" content=\"2025-07-18T19:17:38+00:00\" \/>\n<meta name=\"twitter:card\" content=\"summary_large_image\" \/>\n<script type=\"application\/ld+json\" class=\"yoast-schema-graph\">{\"@context\":\"https:\/\/schema.org\",\"@graph\":[{\"@type\":\"WebPage\",\"@id\":\"https:\/\/fjjf.ca\/fr\/appliquer\/\",\"url\":\"https:\/\/fjjf.ca\/fr\/appliquer\/\",\"name\":\"Appliquer - Father Josaphat Jean Foundation - FJJF\",\"isPartOf\":{\"@id\":\"https:\/\/fjjf.ca\/fr\/#website\"},\"datePublished\":\"2024-06-24T20:35:39+00:00\",\"dateModified\":\"2025-07-18T19:17:38+00:00\",\"breadcrumb\":{\"@id\":\"https:\/\/fjjf.ca\/fr\/appliquer\/#breadcrumb\"},\"inLanguage\":\"fr-FR\",\"potentialAction\":[{\"@type\":\"ReadAction\",\"target\":[\"https:\/\/fjjf.ca\/fr\/appliquer\/\"]}]},{\"@type\":\"BreadcrumbList\",\"@id\":\"https:\/\/fjjf.ca\/fr\/appliquer\/#breadcrumb\",\"itemListElement\":[{\"@type\":\"ListItem\",\"position\":1,\"name\":\"Home\",\"item\":\"https:\/\/fjjf.ca\/fr\/\"},{\"@type\":\"ListItem\",\"position\":2,\"name\":\"Appliquer\"}]},{\"@type\":\"WebSite\",\"@id\":\"https:\/\/fjjf.ca\/fr\/#website\",\"url\":\"https:\/\/fjjf.ca\/fr\/\",\"name\":\"Father Josaphat Jean Foundation - FJJF\",\"description\":\"upporting the Ukrainian youth community in Montreal.\",\"potentialAction\":[{\"@type\":\"SearchAction\",\"target\":{\"@type\":\"EntryPoint\",\"urlTemplate\":\"https:\/\/fjjf.ca\/fr\/?s={search_term_string}\"},\"query-input\":{\"@type\":\"PropertyValueSpecification\",\"valueRequired\":true,\"valueName\":\"search_term_string\"}}],\"inLanguage\":\"fr-FR\"}]}<\/script>\n<!-- \/ Yoast SEO plugin. -->","yoast_head_json":{"title":"Appliquer - Father Josaphat Jean Foundation - FJJF","robots":{"index":"index","follow":"follow","max-snippet":"max-snippet:-1","max-image-preview":"max-image-preview:large","max-video-preview":"max-video-preview:-1"},"canonical":"https:\/\/fjjf.ca\/fr\/appliquer\/","og_locale":"fr_FR","og_type":"article","og_title":"Appliquer - Father Josaphat Jean Foundation - FJJF","og_description":"Postulez aujourd&rsquo;hui Notre mission est d&rsquo;encourager l&rsquo;\u00e9rudition et le civisme chez les jeunes catholiques ukrainiens de Montr\u00e9al. \u00c0 cette fin, nous accordons chaque ann\u00e9e des bourses \u00e0 des \u00e9tudiants m\u00e9ritants.","og_url":"https:\/\/fjjf.ca\/fr\/appliquer\/","og_site_name":"Father Josaphat Jean Foundation - FJJF","article_modified_time":"2025-07-18T19:17:38+00:00","twitter_card":"summary_large_image","schema":{"@context":"https:\/\/schema.org","@graph":[{"@type":"WebPage","@id":"https:\/\/fjjf.ca\/fr\/appliquer\/","url":"https:\/\/fjjf.ca\/fr\/appliquer\/","name":"Appliquer - Father Josaphat Jean Foundation - FJJF","isPartOf":{"@id":"https:\/\/fjjf.ca\/fr\/#website"},"datePublished":"2024-06-24T20:35:39+00:00","dateModified":"2025-07-18T19:17:38+00:00","breadcrumb":{"@id":"https:\/\/fjjf.ca\/fr\/appliquer\/#breadcrumb"},"inLanguage":"fr-FR","potentialAction":[{"@type":"ReadAction","target":["https:\/\/fjjf.ca\/fr\/appliquer\/"]}]},{"@type":"BreadcrumbList","@id":"https:\/\/fjjf.ca\/fr\/appliquer\/#breadcrumb","itemListElement":[{"@type":"ListItem","position":1,"name":"Home","item":"https:\/\/fjjf.ca\/fr\/"},{"@type":"ListItem","position":2,"name":"Appliquer"}]},{"@type":"WebSite","@id":"https:\/\/fjjf.ca\/fr\/#website","url":"https:\/\/fjjf.ca\/fr\/","name":"Father Josaphat Jean Foundation - FJJF","description":"upporting the Ukrainian youth community in Montreal.","potentialAction":[{"@type":"SearchAction","target":{"@type":"EntryPoint","urlTemplate":"https:\/\/fjjf.ca\/fr\/?s={search_term_string}"},"query-input":{"@type":"PropertyValueSpecification","valueRequired":true,"valueName":"search_term_string"}}],"inLanguage":"fr-FR"}]}},"_links":{"self":[{"href":"https:\/\/fjjf.ca\/fr\/wp-json\/wp\/v2\/pages\/1322","targetHints":{"allow":["GET"]}}],"collection":[{"href":"https:\/\/fjjf.ca\/fr\/wp-json\/wp\/v2\/pages"}],"about":[{"href":"https:\/\/fjjf.ca\/fr\/wp-json\/wp\/v2\/types\/page"}],"author":[{"embeddable":true,"href":"https:\/\/fjjf.ca\/fr\/wp-json\/wp\/v2\/users\/1"}],"replies":[{"embeddable":true,"href":"https:\/\/fjjf.ca\/fr\/wp-json\/wp\/v2\/comments?post=1322"}],"version-history":[{"count":1,"href":"https:\/\/fjjf.ca\/fr\/wp-json\/wp\/v2\/pages\/1322\/revisions"}],"predecessor-version":[{"id":1323,"href":"https:\/\/fjjf.ca\/fr\/wp-json\/wp\/v2\/pages\/1322\/revisions\/1323"}],"wp:attachment":[{"href":"https:\/\/fjjf.ca\/fr\/wp-json\/wp\/v2\/media?parent=1322"}],"curies":[{"name":"wp","href":"https:\/\/api.w.org\/{rel}","templated":true}]}}