{"id":1326,"date":"2025-05-24T00:41:03","date_gmt":"2025-05-24T04:41:03","guid":{"rendered":"https:\/\/fjjf.ca\/livret\/"},"modified":"2025-11-21T13:45:11","modified_gmt":"2025-11-21T18:45:11","slug":"livret","status":"publish","type":"page","link":"https:\/\/fjjf.ca\/fr\/livret\/","title":{"rendered":"Livret"},"content":{"rendered":"\t\t<div data-elementor-type=\"wp-page\" data-elementor-id=\"1326\" class=\"elementor elementor-1326 elementor-338\" data-elementor-post-type=\"page\">\n\t\t\t\t<div class=\"elementor-element elementor-element-bb8eece e-flex e-con-boxed e-con e-parent\" data-id=\"bb8eece\" data-element_type=\"container\" data-settings=\"{&quot;background_background&quot;:&quot;classic&quot;}\">\n\t\t\t\t\t<div class=\"e-con-inner\">\n\t\t<div class=\"elementor-element elementor-element-b14abe2 e-con-full e-flex e-con e-child\" data-id=\"b14abe2\" data-element_type=\"container\" data-settings=\"{&quot;background_background&quot;:&quot;classic&quot;}\">\n\t\t\t\t<div class=\"elementor-element elementor-element-8d0ae4a elementor-widget__width-initial elementor-widget elementor-widget-heading\" data-id=\"8d0ae4a\" data-element_type=\"widget\" data-widget_type=\"heading.default\">\n\t\t\t\t<div class=\"elementor-widget-container\">\n\t\t\t\t\t<h1 class=\"elementor-heading-title elementor-size-default\">Livrets annuels<\/h1>\t\t\t\t<\/div>\n\t\t\t\t<\/div>\n\t\t\t\t<div class=\"elementor-element elementor-element-ef6050b elementor-widget__width-initial elementor-widget elementor-widget-heading\" data-id=\"ef6050b\" data-element_type=\"widget\" data-widget_type=\"heading.default\">\n\t\t\t\t<div class=\"elementor-widget-container\">\n\t\t\t\t\t<h2 class=\"elementor-heading-title elementor-size-default\">D\u00e9couvrez les laur\u00e9ats des prix d\u00e9cern\u00e9s aux \u00e9tudiants, ainsi que les donateurs et les sympathisants de la Fondation.<\/h2>\t\t\t\t<\/div>\n\t\t\t\t<\/div>\n\t\t\t\t<\/div>\n\t\t<div class=\"elementor-element elementor-element-6d753b9 e-con-full e-flex e-con e-child\" data-id=\"6d753b9\" data-element_type=\"container\">\n\t\t\t\t<div class=\"elementor-element elementor-element-71f755a elementor-widget__width-initial elementor-widget elementor-widget-image\" data-id=\"71f755a\" data-element_type=\"widget\" data-widget_type=\"image.default\">\n\t\t\t\t<div class=\"elementor-widget-container\">\n\t\t\t\t\t\t\t\t\t\t\t\t\t\t\t\t<a href=\"https:\/\/fjjf.ca\/wp-content\/uploads\/2025\/11\/FJJF-Booklet-November-2025-vF.pdf\" target=\"_blank\">\n\t\t\t\t\t\t\t<img fetchpriority=\"high\" decoding=\"async\" width=\"575\" height=\"857\" src=\"https:\/\/fjjf.ca\/wp-content\/uploads\/2025\/11\/booklet2025.jpg\" class=\"elementor-animation-grow attachment-large size-large wp-image-1764\" alt=\"\" srcset=\"https:\/\/fjjf.ca\/wp-content\/uploads\/2025\/11\/booklet2025.jpg 575w, https:\/\/fjjf.ca\/wp-content\/uploads\/2025\/11\/booklet2025-201x300.jpg 201w\" sizes=\"(max-width: 575px) 100vw, 575px\" \/>\t\t\t\t\t\t\t\t<\/a>\n\t\t\t\t\t\t\t\t\t\t\t\t\t\t\t<\/div>\n\t\t\t\t<\/div>\n\t\t\t\t<div class=\"elementor-element elementor-element-e5b507f elementor-widget__width-initial elementor-widget elementor-widget-image\" data-id=\"e5b507f\" data-element_type=\"widget\" data-widget_type=\"image.default\">\n\t\t\t\t<div class=\"elementor-widget-container\">\n\t\t\t\t\t\t\t\t\t\t\t\t\t\t\t\t<a href=\"https:\/\/fjjf.ca\/wp-content\/uploads\/2025\/07\/58422_livret_Father_Jean_2024_FINALE.pdf\" target=\"_blank\">\n\t\t\t\t\t\t\t<img decoding=\"async\" width=\"681\" height=\"1024\" src=\"https:\/\/fjjf.ca\/wp-content\/uploads\/2025\/07\/booklet2025-681x1024.jpg\" class=\"elementor-animation-grow attachment-large size-large wp-image-1128\" alt=\"\" srcset=\"https:\/\/fjjf.ca\/wp-content\/uploads\/2025\/07\/booklet2025-681x1024.jpg 681w, https:\/\/fjjf.ca\/wp-content\/uploads\/2025\/07\/booklet2025-200x300.jpg 200w, https:\/\/fjjf.ca\/wp-content\/uploads\/2025\/07\/booklet2025-768x1154.jpg 768w, https:\/\/fjjf.ca\/wp-content\/uploads\/2025\/07\/booklet2025.jpg 857w\" sizes=\"(max-width: 681px) 100vw, 681px\" \/>\t\t\t\t\t\t\t\t<\/a>\n\t\t\t\t\t\t\t\t\t\t\t\t\t\t\t<\/div>\n\t\t\t\t<\/div>\n\t\t\t\t<div class=\"elementor-element elementor-element-b1ce8c4 elementor-widget__width-initial elementor-widget elementor-widget-image\" data-id=\"b1ce8c4\" data-element_type=\"widget\" data-widget_type=\"image.default\">\n\t\t\t\t<div class=\"elementor-widget-container\">\n\t\t\t\t\t\t\t\t\t\t\t\t\t\t\t\t<a href=\"https:\/\/fjjf.ca\/wp-content\/uploads\/2025\/11\/Booklet-2023-5.pdf\" target=\"_blank\">\n\t\t\t\t\t\t\t<img decoding=\"async\" width=\"330\" height=\"506\" src=\"https:\/\/fjjf.ca\/wp-content\/uploads\/2025\/05\/Booklet-2023-picture.png\" class=\"elementor-animation-grow attachment-large size-large wp-image-1114\" alt=\"\" srcset=\"https:\/\/fjjf.ca\/wp-content\/uploads\/2025\/05\/Booklet-2023-picture.png 330w, https:\/\/fjjf.ca\/wp-content\/uploads\/2025\/05\/Booklet-2023-picture-196x300.png 196w\" sizes=\"(max-width: 330px) 100vw, 330px\" \/>\t\t\t\t\t\t\t\t<\/a>\n\t\t\t\t\t\t\t\t\t\t\t\t\t\t\t<\/div>\n\t\t\t\t<\/div>\n\t\t\t\t<div class=\"elementor-element elementor-element-9232698 elementor-widget__width-initial elementor-widget elementor-widget-image\" data-id=\"9232698\" data-element_type=\"widget\" data-widget_type=\"image.default\">\n\t\t\t\t<div class=\"elementor-widget-container\">\n\t\t\t\t\t\t\t\t\t\t\t\t\t\t\t\t<a href=\"https:\/\/fjjf.ca\/wp-content\/uploads\/2025\/11\/53471-livret-Father-Jean-2022_FINALE-1.pdf\" target=\"_blank\">\n\t\t\t\t\t\t\t<img loading=\"lazy\" decoding=\"async\" width=\"229\" height=\"340\" src=\"https:\/\/fjjf.ca\/wp-content\/uploads\/2025\/05\/FJJF-booklet-2022_JPG.jpg\" class=\"elementor-animation-grow attachment-large size-large wp-image-1118\" alt=\"\" srcset=\"https:\/\/fjjf.ca\/wp-content\/uploads\/2025\/05\/FJJF-booklet-2022_JPG.jpg 229w, https:\/\/fjjf.ca\/wp-content\/uploads\/2025\/05\/FJJF-booklet-2022_JPG-202x300.jpg 202w\" sizes=\"(max-width: 229px) 100vw, 229px\" \/>\t\t\t\t\t\t\t\t<\/a>\n\t\t\t\t\t\t\t\t\t\t\t\t\t\t\t<\/div>\n\t\t\t\t<\/div>\n\t\t\t\t<div class=\"elementor-element elementor-element-0934225 elementor-widget__width-initial elementor-widget elementor-widget-image\" data-id=\"0934225\" data-element_type=\"widget\" data-widget_type=\"image.default\">\n\t\t\t\t<div class=\"elementor-widget-container\">\n\t\t\t\t\t\t\t\t\t\t\t\t\t\t\t\t<a href=\"https:\/\/fjjf.ca\/wp-content\/uploads\/2025\/11\/FJJF_Booklet_2021_v4_Nov19-1.pdf\" target=\"_blank\">\n\t\t\t\t\t\t\t<img loading=\"lazy\" decoding=\"async\" width=\"217\" height=\"328\" src=\"https:\/\/fjjf.ca\/wp-content\/uploads\/2025\/05\/Booklet-2021_JPG-e1748047463445.jpg\" class=\"elementor-animation-grow attachment-large size-large wp-image-1112\" alt=\"\" srcset=\"https:\/\/fjjf.ca\/wp-content\/uploads\/2025\/05\/Booklet-2021_JPG-e1748047463445.jpg 217w, https:\/\/fjjf.ca\/wp-content\/uploads\/2025\/05\/Booklet-2021_JPG-e1748047463445-198x300.jpg 198w\" sizes=\"(max-width: 217px) 100vw, 217px\" \/>\t\t\t\t\t\t\t\t<\/a>\n\t\t\t\t\t\t\t\t\t\t\t\t\t\t\t<\/div>\n\t\t\t\t<\/div>\n\t\t\t\t<div class=\"elementor-element elementor-element-adaf4a6 elementor-widget__width-initial elementor-widget elementor-widget-image\" data-id=\"adaf4a6\" data-element_type=\"widget\" data-widget_type=\"image.default\">\n\t\t\t\t<div class=\"elementor-widget-container\">\n\t\t\t\t\t\t\t\t\t\t\t\t\t\t\t\t<a href=\"https:\/\/fjjf.ca\/wp-content\/uploads\/2025\/11\/47765-livret-father-jean-2020-1.pdf\" target=\"_blank\">\n\t\t\t\t\t\t\t<img loading=\"lazy\" decoding=\"async\" width=\"221\" height=\"335\" src=\"https:\/\/fjjf.ca\/wp-content\/uploads\/2025\/05\/booklet-cover_PNG-e1748047491998.png\" class=\"elementor-animation-grow attachment-large size-large wp-image-1116\" alt=\"\" srcset=\"https:\/\/fjjf.ca\/wp-content\/uploads\/2025\/05\/booklet-cover_PNG-e1748047491998.png 221w, https:\/\/fjjf.ca\/wp-content\/uploads\/2025\/05\/booklet-cover_PNG-e1748047491998-198x300.png 198w\" sizes=\"(max-width: 221px) 100vw, 221px\" \/>\t\t\t\t\t\t\t\t<\/a>\n\t\t\t\t\t\t\t\t\t\t\t\t\t\t\t<\/div>\n\t\t\t\t<\/div>\n\t\t\t\t<\/div>\n\t\t\t\t\t<\/div>\n\t\t\t\t<\/div>\n\t\t\t\t<\/div>\n\t\t","protected":false},"excerpt":{"rendered":"<p>Livrets annuels D\u00e9couvrez les laur\u00e9ats des prix d\u00e9cern\u00e9s aux \u00e9tudiants, ainsi que les donateurs et les sympathisants de la Fondation.<\/p>\n","protected":false},"author":1,"featured_media":0,"parent":0,"menu_order":0,"comment_status":"closed","ping_status":"closed","template":"elementor_header_footer","meta":{"footnotes":""},"class_list":["post-1326","page","type-page","status-publish","hentry"],"yoast_head":"<!-- This site is optimized with the Yoast SEO plugin v26.4 - https:\/\/yoast.com\/wordpress\/plugins\/seo\/ -->\n<title>Livret - Father Josaphat Jean Foundation - FJJF<\/title>\n<meta name=\"robots\" content=\"index, follow, max-snippet:-1, max-image-preview:large, max-video-preview:-1\" \/>\n<link rel=\"canonical\" href=\"https:\/\/fjjf.ca\/fr\/livret\/\" \/>\n<meta property=\"og:locale\" content=\"fr_FR\" \/>\n<meta property=\"og:type\" content=\"article\" \/>\n<meta property=\"og:title\" content=\"Livret - Father Josaphat Jean Foundation - FJJF\" \/>\n<meta property=\"og:description\" content=\"Livrets annuels D\u00e9couvrez les laur\u00e9ats des prix d\u00e9cern\u00e9s aux \u00e9tudiants, ainsi que les donateurs et les sympathisants de la Fondation.\" \/>\n<meta property=\"og:url\" content=\"https:\/\/fjjf.ca\/fr\/livret\/\" \/>\n<meta property=\"og:site_name\" content=\"Father Josaphat Jean Foundation - FJJF\" \/>\n<meta property=\"article:modified_time\" content=\"2025-11-21T18:45:11+00:00\" \/>\n<meta property=\"og:image\" content=\"https:\/\/fjjf.ca\/wp-content\/uploads\/2025\/11\/booklet2025.jpg\" \/>\n\t<meta property=\"og:image:width\" content=\"575\" \/>\n\t<meta property=\"og:image:height\" content=\"857\" \/>\n\t<meta property=\"og:image:type\" content=\"image\/jpeg\" \/>\n<meta name=\"twitter:card\" content=\"summary_large_image\" \/>\n<meta name=\"twitter:label1\" content=\"Dur\u00e9e de lecture estim\u00e9e\" \/>\n\t<meta name=\"twitter:data1\" content=\"3 minutes\" \/>\n<script type=\"application\/ld+json\" class=\"yoast-schema-graph\">{\"@context\":\"https:\/\/schema.org\",\"@graph\":[{\"@type\":\"WebPage\",\"@id\":\"https:\/\/fjjf.ca\/fr\/livret\/\",\"url\":\"https:\/\/fjjf.ca\/fr\/livret\/\",\"name\":\"Livret - Father Josaphat Jean Foundation - FJJF\",\"isPartOf\":{\"@id\":\"https:\/\/fjjf.ca\/fr\/#website\"},\"primaryImageOfPage\":{\"@id\":\"https:\/\/fjjf.ca\/fr\/livret\/#primaryimage\"},\"image\":{\"@id\":\"https:\/\/fjjf.ca\/fr\/livret\/#primaryimage\"},\"thumbnailUrl\":\"https:\/\/fjjf.ca\/wp-content\/uploads\/2025\/11\/booklet2025.jpg\",\"datePublished\":\"2025-05-24T04:41:03+00:00\",\"dateModified\":\"2025-11-21T18:45:11+00:00\",\"breadcrumb\":{\"@id\":\"https:\/\/fjjf.ca\/fr\/livret\/#breadcrumb\"},\"inLanguage\":\"fr-FR\",\"potentialAction\":[{\"@type\":\"ReadAction\",\"target\":[\"https:\/\/fjjf.ca\/fr\/livret\/\"]}]},{\"@type\":\"ImageObject\",\"inLanguage\":\"fr-FR\",\"@id\":\"https:\/\/fjjf.ca\/fr\/livret\/#primaryimage\",\"url\":\"https:\/\/fjjf.ca\/wp-content\/uploads\/2025\/11\/booklet2025.jpg\",\"contentUrl\":\"https:\/\/fjjf.ca\/wp-content\/uploads\/2025\/11\/booklet2025.jpg\"},{\"@type\":\"BreadcrumbList\",\"@id\":\"https:\/\/fjjf.ca\/fr\/livret\/#breadcrumb\",\"itemListElement\":[{\"@type\":\"ListItem\",\"position\":1,\"name\":\"Home\",\"item\":\"https:\/\/fjjf.ca\/fr\/\"},{\"@type\":\"ListItem\",\"position\":2,\"name\":\"Livret\"}]},{\"@type\":\"WebSite\",\"@id\":\"https:\/\/fjjf.ca\/fr\/#website\",\"url\":\"https:\/\/fjjf.ca\/fr\/\",\"name\":\"Father Josaphat Jean Foundation - FJJF\",\"description\":\"upporting the Ukrainian youth community in Montreal.\",\"potentialAction\":[{\"@type\":\"SearchAction\",\"target\":{\"@type\":\"EntryPoint\",\"urlTemplate\":\"https:\/\/fjjf.ca\/fr\/?s={search_term_string}\"},\"query-input\":{\"@type\":\"PropertyValueSpecification\",\"valueRequired\":true,\"valueName\":\"search_term_string\"}}],\"inLanguage\":\"fr-FR\"}]}<\/script>\n<!-- \/ Yoast SEO plugin. -->","yoast_head_json":{"title":"Livret - Father Josaphat Jean Foundation - FJJF","robots":{"index":"index","follow":"follow","max-snippet":"max-snippet:-1","max-image-preview":"max-image-preview:large","max-video-preview":"max-video-preview:-1"},"canonical":"https:\/\/fjjf.ca\/fr\/livret\/","og_locale":"fr_FR","og_type":"article","og_title":"Livret - Father Josaphat Jean Foundation - FJJF","og_description":"Livrets annuels D\u00e9couvrez les laur\u00e9ats des prix d\u00e9cern\u00e9s aux \u00e9tudiants, ainsi que les donateurs et les sympathisants de la Fondation.","og_url":"https:\/\/fjjf.ca\/fr\/livret\/","og_site_name":"Father Josaphat Jean Foundation - FJJF","article_modified_time":"2025-11-21T18:45:11+00:00","og_image":[{"width":575,"height":857,"url":"https:\/\/fjjf.ca\/wp-content\/uploads\/2025\/11\/booklet2025.jpg","type":"image\/jpeg"}],"twitter_card":"summary_large_image","twitter_misc":{"Dur\u00e9e de lecture estim\u00e9e":"3 minutes"},"schema":{"@context":"https:\/\/schema.org","@graph":[{"@type":"WebPage","@id":"https:\/\/fjjf.ca\/fr\/livret\/","url":"https:\/\/fjjf.ca\/fr\/livret\/","name":"Livret - Father Josaphat Jean Foundation - FJJF","isPartOf":{"@id":"https:\/\/fjjf.ca\/fr\/#website"},"primaryImageOfPage":{"@id":"https:\/\/fjjf.ca\/fr\/livret\/#primaryimage"},"image":{"@id":"https:\/\/fjjf.ca\/fr\/livret\/#primaryimage"},"thumbnailUrl":"https:\/\/fjjf.ca\/wp-content\/uploads\/2025\/11\/booklet2025.jpg","datePublished":"2025-05-24T04:41:03+00:00","dateModified":"2025-11-21T18:45:11+00:00","breadcrumb":{"@id":"https:\/\/fjjf.ca\/fr\/livret\/#breadcrumb"},"inLanguage":"fr-FR","potentialAction":[{"@type":"ReadAction","target":["https:\/\/fjjf.ca\/fr\/livret\/"]}]},{"@type":"ImageObject","inLanguage":"fr-FR","@id":"https:\/\/fjjf.ca\/fr\/livret\/#primaryimage","url":"https:\/\/fjjf.ca\/wp-content\/uploads\/2025\/11\/booklet2025.jpg","contentUrl":"https:\/\/fjjf.ca\/wp-content\/uploads\/2025\/11\/booklet2025.jpg"},{"@type":"BreadcrumbList","@id":"https:\/\/fjjf.ca\/fr\/livret\/#breadcrumb","itemListElement":[{"@type":"ListItem","position":1,"name":"Home","item":"https:\/\/fjjf.ca\/fr\/"},{"@type":"ListItem","position":2,"name":"Livret"}]},{"@type":"WebSite","@id":"https:\/\/fjjf.ca\/fr\/#website","url":"https:\/\/fjjf.ca\/fr\/","name":"Father Josaphat Jean Foundation - FJJF","description":"upporting the Ukrainian youth community in Montreal.","potentialAction":[{"@type":"SearchAction","target":{"@type":"EntryPoint","urlTemplate":"https:\/\/fjjf.ca\/fr\/?s={search_term_string}"},"query-input":{"@type":"PropertyValueSpecification","valueRequired":true,"valueName":"search_term_string"}}],"inLanguage":"fr-FR"}]}},"_links":{"self":[{"href":"https:\/\/fjjf.ca\/fr\/wp-json\/wp\/v2\/pages\/1326","targetHints":{"allow":["GET"]}}],"collection":[{"href":"https:\/\/fjjf.ca\/fr\/wp-json\/wp\/v2\/pages"}],"about":[{"href":"https:\/\/fjjf.ca\/fr\/wp-json\/wp\/v2\/types\/page"}],"author":[{"embeddable":true,"href":"https:\/\/fjjf.ca\/fr\/wp-json\/wp\/v2\/users\/1"}],"replies":[{"embeddable":true,"href":"https:\/\/fjjf.ca\/fr\/wp-json\/wp\/v2\/comments?post=1326"}],"version-history":[{"count":4,"href":"https:\/\/fjjf.ca\/fr\/wp-json\/wp\/v2\/pages\/1326\/revisions"}],"predecessor-version":[{"id":1774,"href":"https:\/\/fjjf.ca\/fr\/wp-json\/wp\/v2\/pages\/1326\/revisions\/1774"}],"wp:attachment":[{"href":"https:\/\/fjjf.ca\/fr\/wp-json\/wp\/v2\/media?parent=1326"}],"curies":[{"name":"wp","href":"https:\/\/api.w.org\/{rel}","templated":true}]}}